{"id":362,"date":"2017-09-11T15:02:55","date_gmt":"2017-09-11T15:02:55","guid":{"rendered":"http:\/\/travesia.axiomthemes.com\/?page_id=362"},"modified":"2021-05-25T13:21:48","modified_gmt":"2021-05-25T18:21:48","slug":"contacto","status":"publish","type":"page","link":"https:\/\/apartments-lueneburg.de\/es\/contacto\/","title":{"rendered":"Contacto"},"content":{"rendered":"<p>[vc_row full_width=&#8221;stretch_row&#8221; equal_height=&#8221;yes&#8221; content_placement=&#8221;middle&#8221; hide_bg_image_on_tablet=&#8221;&#8221; hide_bg_image_on_mobile=&#8221;&#8221; el_class=&#8221;row-form&#8221; css=&#8221;.vc_custom_1589144149099{background-size: cover !important;}&#8221;][vc_column el_class=&#8221;col-info&#8221; css=&#8221;.vc_custom_1589144173667{padding-top: 25px !important;padding-bottom: 25px !important;}&#8221;][vc_empty_space height=&#8221;50px&#8221; alter_height=&#8221;none&#8221; hide_on_desktop=&#8221;&#8221; hide_on_notebook=&#8221;&#8221; hide_on_tablet=&#8221;&#8221; hide_on_mobile=&#8221;&#8221;][\/vc_column][\/vc_row][vc_row full_width=&#8221;stretch_row&#8221; equal_height=&#8221;yes&#8221; content_placement=&#8221;middle&#8221; el_class=&#8221;row-form&#8221; css=&#8221;.vc_custom_1589144092996{background: rgba(255,255,255,0.19) url(https:\/\/apartments-lueneburg.de\/wp-content\/uploads\/2020\/05\/banner-contacto-min.jpg?id=2707) !important;background-position: bottom center !important;background-repeat: no-repeat !important;background-size: cover !important;*background-color: rgb(255,255,255) !important;}&#8221;][vc_column width=&#8221;1\/2&#8243; el_class=&#8221;col-info&#8221; css=&#8221;.vc_custom_1589143729842{padding-top: 20px !important;padding-right: 20px !important;padding-bottom: 20px !important;padding-left: 20px !important;background-color: #545f79 !important;}&#8221;][vc_empty_space height=&#8221;3em&#8221; alter_height=&#8221;none&#8221; hide_on_desktop=&#8221;&#8221; hide_on_notebook=&#8221;&#8221; hide_on_tablet=&#8221;&#8221; hide_on_mobile=&#8221;&#8221;][vc_separator color=&#8221;custom&#8221; border_width=&#8221;3&#8243; el_width=&#8221;30&#8243; accent_color=&#8221;#c1b086&#8243;][vc_row_inner equal_height=&#8221;yes&#8221; content_placement=&#8221;middle&#8221; el_class=&#8221;row-info row-info-1&#8243;][vc_column_inner width=&#8221;1\/6&#8243;][vc_icon type=&#8221;linecons&#8221; icon_linecons=&#8221;vc_li vc_li-location&#8221; color=&#8221;white&#8221; align=&#8221;center&#8221;][\/vc_column_inner][vc_column_inner width=&#8221;5\/6&#8243;][vc_custom_heading text=&#8221;Direcci\u00f3n:&#8221; font_container=&#8221;tag:h4|text_align:left|color:%23ffffff&#8221; use_theme_fonts=&#8221;yes&#8221; css=&#8221;.vc_custom_1589143879504{margin-top: 0px !important;margin-bottom: 0px !important;}&#8221;][vc_empty_space height=&#8221;1em&#8221; alter_height=&#8221;none&#8221; hide_on_desktop=&#8221;&#8221; hide_on_notebook=&#8221;&#8221; hide_on_tablet=&#8221;&#8221; hide_on_mobile=&#8221;&#8221;][vc_column_text]<\/p>\n<p style=\"text-align: left; color: white;\">S\u00fclztorstra\u00dfe.19 21335 L\u00fcneburg<\/p>\n<p>[\/vc_column_text][\/vc_column_inner][\/vc_row_inner][vc_separator align=&#8221;align_left&#8221;][vc_row_inner equal_height=&#8221;yes&#8221; content_placement=&#8221;middle&#8221; el_class=&#8221;row-info row-info-2&#8243;][vc_column_inner width=&#8221;1\/6&#8243;][vc_icon type=&#8221;linecons&#8221; icon_linecons=&#8221;vc_li vc_li-phone&#8221; color=&#8221;white&#8221; align=&#8221;center&#8221;][\/vc_column_inner][vc_column_inner width=&#8221;5\/6&#8243;][vc_custom_heading text=&#8221;Tel\u00e9fono:&#8221; font_container=&#8221;tag:h4|text_align:left|color:%23ffffff&#8221; use_theme_fonts=&#8221;yes&#8221; css=&#8221;.vc_custom_1589143786606{margin-top: 0px !important;margin-bottom: 0px !important;}&#8221;][vc_empty_space height=&#8221;1em&#8221; alter_height=&#8221;none&#8221; hide_on_desktop=&#8221;&#8221; hide_on_notebook=&#8221;&#8221; hide_on_tablet=&#8221;&#8221; hide_on_mobile=&#8221;&#8221;][vc_column_text]<\/p>\n<p style=\"text-align: left; color: white;\"><a style=\"text-align: left; color: white;\" href=\"tel:+1 800 123 45 67\">+1 800 123 45 67<\/a><\/p>\n<p>[\/vc_column_text][\/vc_column_inner][\/vc_row_inner][vc_empty_space height=&#8221;1em&#8221; alter_height=&#8221;none&#8221; hide_on_desktop=&#8221;&#8221; hide_on_notebook=&#8221;&#8221; hide_on_tablet=&#8221;&#8221; hide_on_mobile=&#8221;&#8221;][vc_single_image image=&#8221;2029&#8243; img_size=&#8221;medium&#8221; alignment=&#8221;center&#8221;][\/vc_column][vc_column width=&#8221;1\/2&#8243; el_class=&#8221;col-form&#8221; css=&#8221;.vc_custom_1589148618817{margin-top: 15px !important;margin-bottom: 15px !important;background-color: rgba(2,2,2,0.39) !important;*background-color: rgb(2,2,2) !important;border-radius: 5px !important;}&#8221;][vc_empty_space height=&#8221;20px&#8221; alter_height=&#8221;none&#8221; hide_on_desktop=&#8221;&#8221; hide_on_notebook=&#8221;&#8221; hide_on_tablet=&#8221;&#8221; hide_on_mobile=&#8221;&#8221;]<div id=\"sc_title_606703839\"\n\t\tclass=\"sc_title color_style_default sc_title_default  vc_custom_1589147548982\"><h2 class=\"sc_item_title sc_title_title sc_align_center sc_item_title_style_default sc_item_title_tag\">Comuniquese<\/h2><div class=\"sc_item_descr sc_title_descr sc_align_center\"><p>Resolveremos sus inquietudes.<\/p>\n<\/div><\/div><!-- \/.sc_title -->[vc_separator color=&#8221;mulled_wine&#8221; border_width=&#8221;3&#8243; el_width=&#8221;30&#8243;][vc_raw_js el_class=&#8221;Contacto&#8221;]JTNDc2NyaXB0JTIwdHlwZSUzRCUyMnRleHQlMkZqYXZhc2NyaXB0JTIyJTIwc3JjJTNEJTIyaHR0cHMlM0ElMkYlMkZjbGllbnRpZnkubmV0JTJGd2ViLW1hcmtldGluZyUyRnN1cGVyZm9ybXMlMkZzY3JpcHQlMkY0Nzg2Mi5qcyUyMiUzRSUzQyUyRnNjcmlwdCUzRQ==[\/vc_raw_js][vc_empty_space height=&#8221;20px&#8221; alter_height=&#8221;none&#8221; hide_on_desktop=&#8221;&#8221; hide_on_notebook=&#8221;&#8221; hide_on_tablet=&#8221;&#8221; hide_on_mobile=&#8221;&#8221;][\/vc_column][\/vc_row][vc_row full_width=&#8221;stretch_row&#8221; equal_height=&#8221;yes&#8221; content_placement=&#8221;middle&#8221; hide_bg_image_on_tablet=&#8221;&#8221; hide_bg_image_on_mobile=&#8221;&#8221; el_class=&#8221;row-form&#8221; css=&#8221;.vc_custom_1589144149099{background-size: cover !important;}&#8221;][vc_column el_class=&#8221;col-info&#8221; css=&#8221;.vc_custom_1589144173667{padding-top: 25px !important;padding-bottom: 25px !important;}&#8221;][vc_empty_space height=&#8221;50px&#8221; alter_height=&#8221;none&#8221; hide_on_desktop=&#8221;&#8221; hide_on_notebook=&#8221;&#8221; hide_on_tablet=&#8221;&#8221; hide_on_mobile=&#8221;&#8221;][\/vc_column][\/vc_row][vc_row equal_height=&#8221;yes&#8221; css=&#8221;.vc_custom_1589146019462{margin-top: 0px !important;margin-right: 0px !important;margin-bottom: 0px !important;margin-left: 0px !important;padding-top: 0px !important;padding-right: 0px !important;padding-bottom: 0px !important;padding-left: 0px !important;}&#8221; el_class=&#8221;row-mapa&#8221;][vc_column width=&#8221;1\/3&#8243;][vc_single_image image=&#8221;1439&#8243; img_size=&#8221;full&#8221; alignment=&#8221;center&#8221; style=&#8221;vc_box_rounded&#8221;][vc_empty_space height=&#8221;10px&#8221; alter_height=&#8221;none&#8221; hide_on_desktop=&#8221;&#8221; hide_on_notebook=&#8221;&#8221; hide_on_tablet=&#8221;&#8221; hide_on_mobile=&#8221;&#8221;][vc_single_image image=&#8221;2934&#8243; img_size=&#8221;medium&#8221; alignment=&#8221;center&#8221;][vc_separator color=&#8221;custom&#8221; border_width=&#8221;3&#8243; el_width=&#8221;50&#8243; accent_color=&#8221;#c1b086&#8243;][\/vc_column][vc_column width=&#8221;2\/3&#8243; css=&#8221;.vc_custom_1588262574869{margin: 0px !important;padding: 0px !important;}&#8221;]<div id=\"sc_googlemap_1826477259_wrap\" class=\"sc_googlemap_wrap\"><div id=\"sc_googlemap_1826477259\"\n\t\t\tclass=\"sc_googlemap sc_googlemap_default  vc_custom_1589146729802\"\n\t\t\t style=\"width:100%;height:420px;\"\t\t\tdata-zoom=\"13\"\n\t\t\tdata-style=\"dark\"\n\t\t\tdata-cluster-icon=\"2938\"\n        ><iframe\n                    src=\"https:\/\/maps.google.com\/maps?t=m&output=embed&iwloc=near&z=13&q=S%C3%BClztorstra%C3%9Fe.19+21335+L%C3%BCneburg\"\n                    scrolling=\"no\"\n                    marginheight=\"0\"\n                    marginwidth=\"0\"\n                    frameborder=\"0\"\n                    aria-label=\"\"><\/iframe><\/div><\/div><!-- \/.sc_googlemap_wrap -->[\/vc_column][\/vc_row][vc_row full_width=&#8221;stretch_row&#8221; equal_height=&#8221;yes&#8221; content_placement=&#8221;middle&#8221; hide_bg_image_on_tablet=&#8221;&#8221; hide_bg_image_on_mobile=&#8221;&#8221; el_class=&#8221;row-form&#8221; css=&#8221;.vc_custom_1589144149099{background-size: cover !important;}&#8221;][vc_column el_class=&#8221;col-info&#8221; css=&#8221;.vc_custom_1589144173667{padding-top: 25px !important;padding-bottom: 25px !important;}&#8221;][vc_empty_space height=&#8221;50px&#8221; alter_height=&#8221;none&#8221; hide_on_desktop=&#8221;&#8221; hide_on_notebook=&#8221;&#8221; hide_on_tablet=&#8221;&#8221; hide_on_mobile=&#8221;&#8221;][\/vc_column][\/vc_row]<\/p>\n","protected":false},"excerpt":{"rendered":"<p>[vc_row full_width=&#8221;stretch_row&#8221; equal_height=&#8221;yes&#8221; content_placement=&#8221;middle&#8221; hide_bg_image_on_tablet=&#8221;&#8221; hide_bg_image_on_mobile=&#8221;&#8221; el_class=&#8221;row-form&#8221; css=&#8221;.vc_custom_1589144149099{background-size: cover !important;}&#8221;][vc_column el_class=&#8221;col-info&#8221; css=&#8221;.vc_custom_1589144173667{padding-top: 25px !important;padding-bottom: 25px !important;}&#8221;][vc_empty_space height=&#8221;50px&#8221; alter_height=&#8221;none&#8221; hide_on_desktop=&#8221;&#8221; hide_on_notebook=&#8221;&#8221; hide_on_tablet=&#8221;&#8221; hide_on_mobile=&#8221;&#8221;][\/vc_column][\/vc_row][vc_row full_width=&#8221;stretch_row&#8221; equal_height=&#8221;yes&#8221; content_placement=&#8221;middle&#8221; el_class=&#8221;row-form&#8221; css=&#8221;.vc_custom_1589144092996{background: rgba(255,255,255,0.19) url(https:\/\/apartments-lueneburg.de\/wp-content\/uploads\/2020\/05\/banner-contacto-min.jpg?id=2707) !important;background-position: bottom center !important;background-repeat: no-repeat !important;background-size: cover !important;*background-color: rgb(255,255,255) !important;}&#8221;][vc_column width=&#8221;1\/2&#8243;&hellip;<\/p>\n","protected":false},"author":1,"featured_media":0,"parent":0,"menu_order":0,"comment_status":"closed","ping_status":"closed","template":"","meta":{"footnotes":""},"_links":{"self":[{"href":"https:\/\/apartments-lueneburg.de\/es\/wp-json\/wp\/v2\/pages\/362"}],"collection":[{"href":"https:\/\/apartments-lueneburg.de\/es\/wp-json\/wp\/v2\/pages"}],"about":[{"href":"https:\/\/apartments-lueneburg.de\/es\/wp-json\/wp\/v2\/types\/page"}],"author":[{"embeddable":true,"href":"https:\/\/apartments-lueneburg.de\/es\/wp-json\/wp\/v2\/users\/1"}],"replies":[{"embeddable":true,"href":"https:\/\/apartments-lueneburg.de\/es\/wp-json\/wp\/v2\/comments?post=362"}],"version-history":[{"count":43,"href":"https:\/\/apartments-lueneburg.de\/es\/wp-json\/wp\/v2\/pages\/362\/revisions"}],"predecessor-version":[{"id":3954,"href":"https:\/\/apartments-lueneburg.de\/es\/wp-json\/wp\/v2\/pages\/362\/revisions\/3954"}],"wp:attachment":[{"href":"https:\/\/apartments-lueneburg.de\/es\/wp-json\/wp\/v2\/media?parent=362"}],"curies":[{"name":"wp","href":"https:\/\/api.w.org\/{rel}","templated":true}]}}