{"id":3487,"date":"2020-06-17T10:34:07","date_gmt":"2020-06-17T15:34:07","guid":{"rendered":"https:\/\/apartments-lueneburg.de\/geschaeftsbedingungen\/"},"modified":"2020-07-03T13:34:56","modified_gmt":"2020-07-03T18:34:56","slug":"geschaeftsbedingungen","status":"publish","type":"page","link":"https:\/\/apartments-lueneburg.de\/de\/geschaeftsbedingungen\/","title":{"rendered":"Allgemeine Gesch\u00e4ftsbedingungen"},"content":{"rendered":"<p>[vc_row][vc_column width=&#8221;1\/6&#8243;][\/vc_column][vc_column width=&#8221;2\/3&#8243;][vc_row_inner][vc_column_inner width=&#8221;1\/4&#8243;][\/vc_column_inner][vc_column_inner width=&#8221;1\/2&#8243;][vc_single_image image=&#8221;2989&#8243; img_size=&#8221;full&#8221;][\/vc_column_inner][vc_column_inner width=&#8221;1\/4&#8243;][\/vc_column_inner][\/vc_row_inner][vc_column_text]<strong>1.) Anwendungsbereich<\/strong><br \/>\n(1) Diese Bedingungen gelten f\u00fcr Mietvertr\u00e4ge f\u00fcr Ferienwohnungen zur Unterbringung sowie f\u00fcr alle Leistungen und Lieferungen des Lieferanten f\u00fcr den Gast. Die Leistungen basieren ausschlie\u00dflich auf den nachfolgenden Allgemeinen Gesch\u00e4ftsbedingungen.<br \/>\n(2) Die Untervermietung oder Untervermietung der Mietwohnung und deren Nutzung f\u00fcr andere Zwecke bedarf der vorherigen schriftlichen Zustimmung des Anbieters.<br \/>\n(3) (3) Die Gesch\u00e4ftsbedingungen des Gastes gelten nur, wenn im Voraus vereinbart. Abweichungen von diesen Bedingungen sind nur wirksam, wenn der Lieferant sie ausdr\u00fccklich schriftlich best\u00e4tigt hat.<\/p>\n<p><strong>2.) Beherbergungsvertrag<\/strong><br \/>\n(1) Ein Beherbergungsvertrag kommt zustande, wenn der Anbieter die schriftliche Reservierungsanfrage des Gastes per E-Mail oder Post best\u00e4tigt und damit die Reservierung (Annahme der Anfrage) annimmt.<br \/>\n(2) Vertragspartner sind Gast und Lieferant. Ist nicht der Gast, der beim Lieferanten gebucht hat, sondern ein Dritter, so haftet dieser gegen\u00fcber dem Lieferanten gesamtschuldnerisch f\u00fcr alle sich aus diesem Vertrag ergebenden Verpflichtungen.<br \/>\n(3) Der Gast ist verpflichtet, die Richtigkeit der Buchungsbest\u00e4tigung zu \u00fcberpr\u00fcfen. Bei inhaltlichen Unterschieden zwischen der Buchungsbest\u00e4tigung und der Buchungsanfrage und der Gast erhebt er keine sofort einspruchswilligen, gilt der Inhalt der Buchungsbest\u00e4tigung als vertraglich vereinbart.<\/p>\n<p><strong>3) Dienstleistungen<\/strong><br \/>\nZahlungsbedingungen(1) Der Anbieter ist verpflichtet, die vom Gast gebuchte Wohnung bereit zu halten und die vereinbarten Leistungen zu erbringen. Der Lieferant \u00fcbernimmt nur die Verantwortung f\u00fcr die ausdr\u00fccklich zugesagten Eigenschaften der Ausr\u00fcstung, nicht aber f\u00fcr die subjektive Qualit\u00e4t der Ger\u00e4te (z.B. Bel\u00fcftung).<br \/>\n(2) Der Gast ist verpflichtet, die geltenden oder vereinbarten Preise durch den Anbieter f\u00fcr die Bereitstellung der Wohnung und der anderen in Derart genutzten Dienstleistungen zu zahlen. Dies gilt auch f\u00fcr die Vom Gast organisierten Dienstleistungen und Ausgaben des Anbieters an Dritte.<br \/>\n(3) Alle Preise beinhalten die jeweilige gesetzliche Mehrwertsteuer und die \u00f6rtliche Bettensteuer.<br \/>\n(4) Der Gast muss wahrheitsgem\u00e4\u00dfe Angaben \u00fcber die Anzahl der Personen machen, die die Wohnung besetzen. Das Apartment ist f\u00fcr maximal die in der Buchungsbest\u00e4tigung angegebene Anzahl von Personen verf\u00fcgbar. Die Zuweisung von mehr Personen bedarf der vorherigen schriftlichen Zustimmung des Anbieters. Dies kann den Preis der Wohnung proportional erh\u00f6hen.<br \/>\n(6) Die Zahlung des vereinbarten Preises f\u00fcr die Bereitstellung der Wohnung und f\u00fcr die anderen mit dem Gast vereinbarten Leistungen ist mit 50 sofort nach der Buchungsbest\u00e4tigung zu zahlen und muss 8 Tage nach der Buchungsbest\u00e4tigung auf dem Konto des Anbieters eingegangen sein. Der Restbetrag muss 30 Tage vor Anreise erfolgen. Wenn zwischen der Buchungsbest\u00e4tigung und der Ankunft weniger als 30 Tage liegen, ist die vollst\u00e4ndige Zahlung sofort f\u00e4llig.<br \/>\n(2) Hat der Gesamtpreis den Lieferanten vor der Ankunft nicht erreicht, beh\u00e4lt sich der Lieferant das Recht vor, den Beherbergungsvertrag zu k\u00fcndigen.<br \/>\n(3) Wenn der Gast nicht direkt beim Anbieter, sondern \u00fcber Portale oder andere Vertriebskan\u00e4le gebucht hat, gelten die Zahlungs- und Stornierungsbedingungen. EC- und Kreditkarten k\u00f6nnen nicht als Zahlung auf der Website akzeptiert werden.<br \/>\n(4) Kann der Lieferant den Zahlungseingang nicht innerhalb der oben genannten Fristen reservieren und geschieht dies auch nach Ablauf des Lieferers nicht, so hat der Lieferant das Recht, den Vertrag zu k\u00fcndigen; er hat den Gast schriftlich dar\u00fcber zu informieren.<br \/>\n(8) Der Gast kann eine unbestrittene oder rechtskr\u00e4ftig festgestellte Forderung gegen eine Forderung des Anbieters nur kompensieren.<\/p>\n<p><strong>4.) R\u00fccktritt vom Vertrag (Stornierung)<\/strong><\/p>\n<p>(7) 1.) Ein Mit dem Anbieter geschlossener Gastr\u00fccktritt bedarf der schriftlichen Zustimmung des Anbieters. Geschieht dies nicht, so ist auch der vereinbarte Vertragspreis zu zahlen, wenn der Kunde die vertraglichen Leistungen nicht in Anspruch nimmt. Dies gilt nicht, wenn der Anbieter eine Leistungsverz\u00f6gerung leistet oder der Anbieter den Dienst nicht erbringen kann.<br \/>\n(8) (2) Der Gast kann den Vertrag nur ohne Aktivierung der Zahlung oder Schadensersatzanspr\u00fcche des Anbieters k\u00fcndigen, wenn die M\u00f6glichkeit der K\u00fcndigung zwischen ihm und dem Lieferanten zu einem bestimmten Zeitpunkt schriftlich vereinbart wurde. Dieses Widerrufsrecht erlischt, wenn er sein Widerrufsrecht dem Anbieter zum vereinbarten Zeitpunkt nicht schriftlich zuschreibt, es sei denn, es liegt ein Verzug steil bei der Erbringung des Anbieters oder die Unf\u00e4higkeit, die von ihm zu verantwortende Leistung zu erbringen.<br \/>\n(3) Ohne Aktivierung der Zahlungs- oder Schadensersatzanspr\u00fcche des Anbieters hat der Gast das Recht, bis zu 30 Tage vor Anreise zu stornieren. Danach ist eine Stornogeb\u00fchr in H\u00f6he des gesamten angeforderten Service zu entrichten.<br \/>\n(9) 4 Stornierungen sind schriftlich an den Lieferanten zu erteilen. Der Tag des Eingangs der Stornierung durch den Anbieter ist der Tag der Stornierung.<br \/>\n(5) Erscheint der Gast nicht am Anreisetag ohne R\u00fccktritt, gilt der Vertrag als gek\u00fcndigt. Der Gast hat die oben genannten Stornokosten zu tragen.<br \/>\n(7) Der Lieferant hat das Recht, den Vertrag aus objektiv vertretbaren Gr\u00fcnden zu k\u00fcndigen oder den Vertrag au\u00dferordentlich zu k\u00fcndigen, wenn dies der Fall ist. Ja.<\/p>\n<p>a) H\u00f6here Gewalt oder andere Umst\u00e4nde, f\u00fcr die der Lieferant nicht verantwortlich ist, machen es unm\u00f6glich, den Vertrag zu erf\u00fcllen<br \/>\n. B. Sie war in der Person des Gastes oder in Bezug auf den Zweck oder in Bezug auf die Besetzung oder in Bezug auf die Unterbringung von Tieren reserviert.<br \/>\nc) Die Ferienwohnung wird f\u00fcr andere Zwecke als das Leben genutzt.<br \/>\nd) Der Anbieter hat berechtigten Grund zur Annahme, dass die Nutzung des Dienstes die Sicherheit oder den Frieden des Hauses anderer G\u00e4ste oder Nachbarn oder den Ruf des Anbieters in der \u00d6ffentlichkeit gef\u00e4hrdet, ohne dass dies dem Bereich oder dem Organisationsbereich des Anbieters zuzuschreiben ist.<\/p>\n<p>(8) Der Lieferant hat den Gast unverz\u00fcglich \u00fcber die Aus\u00fcbung des Widerrufs- oder K\u00fcndigungsrechts zu unterrichten. Der Verk\u00e4ufer hat die bereits geleisteten Mietzahlungen und\/oder Vorsch\u00fcsse unverz\u00fcglich zur\u00fcckzuerstatten. Im Falle eines begr\u00fcndeten R\u00fccktritts oder einer begr\u00fcndeten K\u00fcndigung durch den Anbieter hat der Gast keinen Anspruch auf Entsch\u00e4digung. Der Gast hat den Anbieter f\u00fcr alle Sch\u00e4den zu entsch\u00e4digen, die er aufgrund eines au\u00dferordentlichen R\u00fccktritts oder einer au\u00dferordentlichen K\u00fcndigung zu verantwortet hat.<\/p>\n<p><strong>5.) Hausordnung<\/strong><br \/>\n(1) Der Gast sollte die Wohnung und ihr Inventar sorgf\u00e4ltig behandeln. Der Gast ist verpflichtet, die Regeln des Hauses einzuhalten. Die Nachtruhe gilt von 21.00 bis 7.00 Uhr. W\u00e4hrend dieser Zeit wird besonderes Augenmerk auf Mitbewohner und Nachbarn. TV- und Audioger\u00e4te m\u00fcssen auf Raumlautst\u00e4rke eingestellt sein.<br \/>\n(2) W\u00e4hrend der Dauer der Vermietung der Wohnung ist der Gast verpflichtet, die T\u00fcren und Fenster beim Verlassen der Wohnung geschlossen zu halten, alle Heizk\u00f6rper auf ein niedriges Niveau zu stellen und die Lichter und technischen Ger\u00e4te auszuschalten.<br \/>\n(3) Haustiere sind in den Apartments nicht gestattet. Wenn Tiere jedoch erlaubt sind, kann dies zu einer Reinigungsgeb\u00fchr von bis zu 250,00 (netto) f\u00fchren.<br \/>\n(4) Im ganzen Haus gilt ein generelles Rauchverbot. Bei Nichteinhaltung kann der Lieferant eine Reinigungsgeb\u00fchr von bis zu 250,00 (netto) erheben. Bitte beachten Sie, dass das Rauchen nur im Freien gestattet ist.<br \/>\n(5) WLAN-Nutzungskosten sind im Mietpreis enthalten. Alle Kosten f\u00fcr die Registrierung oder das Abonnement des Internetanbieters gehen zu Lasten des Gastes. Die Internetnutzung ist zul\u00e4ssig, solange dies nicht gegen gesetzliche Bestimmungen verst\u00f6\u00dft. Kriminelle Handlungen (insbesondere illegale Downloads, Seitenbesuche) werden gemeldet und strafrechtlich verfolgt. F\u00fcr die illegale Nutzung des Internets ist allein der Gast verantwortlich.<br \/>\n(6) Das Einbringen und\/oder Fixieren von Materialien zur Dekoration oder dergleichen ist im ganzen Haus nicht erlaubt. Der Gast ist allein verantwortlich f\u00fcr die Dekoration und\/oder Dekoration, etc., und entbindet den Anbieter von Anspr\u00fcchen Dritter. Sie sind auch verpflichtet, Sch\u00e4den zu kompensieren, die durch die Einf\u00fchrung oder Fixierung der Dekoration oder dergleichen verursacht werden.<br \/>\n(7) Der Lieferant hat das Recht, die Ferienwohnung jederzeit, insbesondere bei unmittelbarer Gefahr, zu erreichen. Die Anliegen der G\u00e4ste sollten bei der Aus\u00fcbung ihres Zugangsrechts angemessen ber\u00fccksichtigt werden. Der Anbieter wird den Gast vorab \u00fcber die Aus\u00fcbung des Zugangsrechts informieren, es sei denn, dies ist nach den Umst\u00e4nden des Einzelfalls nicht zumutbar oder unm\u00f6glich.<\/p>\n<p><strong>6.) An- und Abreise, Schl\u00fcssel<\/strong><br \/>\n(1) Das Apartment ist am Anreisetag ab 15.00 Uhr verf\u00fcgbar. Die Anreise muss bis sp\u00e4testens 19.00 Uhr erfolgen. Der Gast erh\u00e4lt im Voraus eine PIN, mit der T\u00fcren, Haust\u00fcren und Wohnungst\u00fcren geschlossen werden. In diesem Zusammenhang ist es nicht erforderlich, dass der Gast den Anbieter \u00fcber seine Ankunftszeit informiert. Die PIN ist nur ab dem Anreisetag (15:00 Uhr) bis zum Abreisetag g\u00fcltig. Die PIN wird dann gel\u00f6scht.<br \/>\n(2) (3) Der Gast ist verpflichtet, das amtliche Anmeldeformular auszuf\u00fcllen und in den Briefkasten des Anbieters zu werfen.<br \/>\n(3) (4) Am Abreisetag muss der Gast die Wohnung bis sp\u00e4testens 11.00 Uhr r\u00e4umen. Bei versp\u00e4teter Absendung hat der Anbieter Anspruch auf eine zus\u00e4tzliche Zahlung vom Gast. Dies ist 60.00 (netto), wenn das Zimmer nach 11:00 Uhr, aber vor 13:00 Uhr yb unbesetzt ist) 100 des vereinbarten Nachtpreises\/Nacht, wenn das Zimmer nach 13:00 Uhr unbesetzt ist. Dar\u00fcber hinaus hat der Lieferant Anspruch auf Ersatz aller zus\u00e4tzlichen Sch\u00e4den, die durch versp\u00e4tete Abfertigung entstanden sind.<\/p>\n<p><strong>7.) Datenschutz<\/strong><br \/>\nDie vom Gast zur Verf\u00fcgung gestellten personenbezogenen Daten werden vom Eigent\u00fcmer nicht an Dritte weitergegeben, es sei denn, dies ist f\u00fcr die Vertragserf\u00fcllung erforderlich.<\/p>\n<p><strong>9.) Endg\u00fcltige Bestimmungen<\/strong><br \/>\n(1) Vertrags\u00e4nderungen oder Erg\u00e4nzungen, die Annahme von Antr\u00e4gen oder diese Allgemeinen Gesch\u00e4ftsbedingungen bed\u00fcrfen der Schriftform. Einseitige \u00c4nderungen oder Erg\u00e4nzungen durch den Gast sind nicht wirksam.<br \/>\n(2) Ort der Ausf\u00fchrung und Zahlung ist L.E.R.V. Gerichtsstand ist L&#8217;neburg.<br \/>\n(3) F\u00fcr den Vertrag gilt nur das Recht der Bundesrepublik Deutschland.<br \/>\n(4) Ist eine Bestimmung dieses Vertrages unwirksam, so wird die Wirksamkeit der \u00fcbrigen Bestimmungen nicht ber\u00fchrt. Die Parteien verpflichten sich, eine unwirksame Regulierung durch eine wirksame Regelung zu ersetzen, die dieser Verordnung so nahe wie m\u00f6glich kommt.[\/vc_column_text][\/vc_column][vc_column width=&#8221;1\/6&#8243;][\/vc_column][\/vc_row]<\/p>\n","protected":false},"excerpt":{"rendered":"<p>[vc_row][vc_column width=&#8221;1\/6&#8243;][\/vc_column][vc_column width=&#8221;2\/3&#8243;][vc_row_inner][vc_column_inner width=&#8221;1\/4&#8243;][\/vc_column_inner][vc_column_inner width=&#8221;1\/2&#8243;][vc_single_image image=&#8221;2989&#8243; img_size=&#8221;full&#8221;][\/vc_column_inner][vc_column_inner width=&#8221;1\/4&#8243;][\/vc_column_inner][\/vc_row_inner][vc_column_text]1.) Anwendungsbereich (1) Diese Bedingungen gelten f\u00fcr Mietvertr\u00e4ge f\u00fcr Ferienwohnungen zur Unterbringung sowie f\u00fcr alle Leistungen und Lieferungen des Lieferanten f\u00fcr den Gast. Die Leistungen basieren ausschlie\u00dflich auf den nachfolgenden Allgemeinen Gesch\u00e4ftsbedingungen. (2)&hellip;<\/p>\n","protected":false},"author":1,"featured_media":0,"parent":0,"menu_order":0,"comment_status":"closed","ping_status":"closed","template":"","meta":{"footnotes":""},"_links":{"self":[{"href":"https:\/\/apartments-lueneburg.de\/de\/wp-json\/wp\/v2\/pages\/3487"}],"collection":[{"href":"https:\/\/apartments-lueneburg.de\/de\/wp-json\/wp\/v2\/pages"}],"about":[{"href":"https:\/\/apartments-lueneburg.de\/de\/wp-json\/wp\/v2\/types\/page"}],"author":[{"embeddable":true,"href":"https:\/\/apartments-lueneburg.de\/de\/wp-json\/wp\/v2\/users\/1"}],"replies":[{"embeddable":true,"href":"https:\/\/apartments-lueneburg.de\/de\/wp-json\/wp\/v2\/comments?post=3487"}],"version-history":[{"count":8,"href":"https:\/\/apartments-lueneburg.de\/de\/wp-json\/wp\/v2\/pages\/3487\/revisions"}],"predecessor-version":[{"id":3677,"href":"https:\/\/apartments-lueneburg.de\/de\/wp-json\/wp\/v2\/pages\/3487\/revisions\/3677"}],"wp:attachment":[{"href":"https:\/\/apartments-lueneburg.de\/de\/wp-json\/wp\/v2\/media?parent=3487"}],"curies":[{"name":"wp","href":"https:\/\/api.w.org\/{rel}","templated":true}]}}